{"id":38,"date":"2015-09-04T14:14:20","date_gmt":"2015-09-04T14:14:20","guid":{"rendered":"http:\/\/www.jasajualbeliayodance.com\/?page_id=38"},"modified":"2022-07-14T04:15:48","modified_gmt":"2022-07-14T04:15:48","slug":"id-setan-g-h-i-j-k-l","status":"publish","type":"page","link":"http:\/\/www.jasajualbeliayodance.com\/index.php\/daftar-id-bermasalah\/id-setan-g-h-i-j-k-l\/","title":{"rendered":"ID SETAN, G-H-I-J-K-L"},"content":{"rendered":"<p class=\"separator\" data-blogger-escaped-style=\"-webkit-text-stroke-width: 0px; clear: both; color: black; font-family: 'Times New Roman'; font-size: medium; font-style: normal; font-variant: normal; font-weight: normal; letter-spacing: normal; line-height: normal; margin: 0px; orphans: auto; text-align: center; text-indent: 0px; text-transform: none; white-space: normal; widows: 1; word-spacing: 0px;\"><a href=\"http:\/\/4.bp.blogspot.com\/-renHKf7p6jA\/Uz50kpa05yI\/AAAAAAAAAPY\/XiY9vOA3d8Y\/s1600\/ID+SETAN.jpg\"><img loading=\"lazy\" decoding=\"async\" src=\"https:\/\/4.bp.blogspot.com\/-renHKf7p6jA\/Uz50kpa05yI\/AAAAAAAAAPY\/XiY9vOA3d8Y\/s1600\/ID+SETAN.jpg\" alt=\"\" width=\"320\" height=\"182\" border=\"0\" \/><\/a><\/p>\n<div data-blogger-escaped-style=\"-webkit-text-stroke-width: 0px; color: black; font-family: 'Times New Roman'; font-size: medium; font-style: normal; font-variant: normal; font-weight: normal; letter-spacing: normal; line-height: normal; orphans: auto; text-align: left; text-indent: 0px; text-transform: none; white-space: normal; widows: 1; word-spacing: 0px;\">\n<div>\n<p><i><b><span style=\"font-size: xx-large;\">ID SETAN = ID YANG DIHACKBACK OLEH\u00a0<\/span><\/b><\/i><\/p>\n<\/div>\n<\/div>\n<div data-blogger-escaped-style=\"-webkit-text-stroke-width: 0px; color: black; font-family: 'Times New Roman'; font-size: medium; font-style: normal; font-variant: normal; font-weight: normal; letter-spacing: normal; line-height: normal; orphans: auto; text-align: left; text-indent: 0px; text-transform: none; white-space: normal; widows: 1; word-spacing: 0px;\">\n<div>\n<p><i><b><span style=\"font-size: xx-large;\">PEMILIK SEBELUMNYA<\/span><\/b><\/i><\/p>\n<\/div>\n<\/div>\n<div data-blogger-escaped-style=\"-webkit-text-stroke-width: 0px; color: black; font-family: 'Times New Roman'; font-size: medium; font-style: normal; font-variant: normal; font-weight: normal; letter-spacing: normal; line-height: normal; orphans: auto; text-align: left; text-indent: 0px; text-transform: none; white-space: normal; widows: 1; word-spacing: 0px;\">\n<div>\n<p><u><span style=\"font-size: xx-large;\"><br \/>\n<\/span><\/u><b><i><span style=\"font-size: xx-large;\">G<\/span><\/i><\/b><\/p>\n<\/div>\n<ol>\n<li>gcmisd \u00a0 \u00a0 [Para KORBAN: (Nurul Aini (Nunik) | 089695437734 | www.facebook.com\/nurulaini42 | www.facebook.com\/100002013007447)]<\/li>\n<li>g1n4n |\u00a0<span class=\"userContent\">rahmatsyah813@gmail.com \u00a0 \u00a0\u00a0<\/span>[Para KORBAN: (Helen Winardi | www.facebook.com\/pretty.girl.HSW | www.facebook.com\/100004229645143) (Reza Herdiansyah (Player) | www.facebook.com\/reza.sakhera | www.facebook.com\/100002422920823)]<\/li>\n<li>galvin222 [Para KORBAN:\u00a0Vitto FLz\u00a0http:\/\/www.facebook.com\/Leamoreta]<\/li>\n<li><span style=\"font-size: medium;\">gotchahere\u00a0[Para KORBAN: (Ardy Saragih www.facebook.com\/DidyJockey)]\u00a0<\/span><\/li>\n<li>girlsmines [Para KORBAN:\u00a0<a id=\"js_v\" href=\"https:\/\/www.facebook.com\/fafa.wijaya4?fref=nf\" data-hovercard=\"\/ajax\/hovercard\/user.php?id=100000222640849&amp;extragetparams=%7B%22fref%22%3A%22nf%22%2C%22directed_target_id%22%3A417459221664522%7D\">Fafa Wijaya<\/a>\u00a0https:\/\/www.facebook.com\/fafa.wijaya]<\/li>\n<\/ol>\n<div>\n<p><span style=\"font-size: medium;\"><span style=\"font-size: xx-large;\"><i><b>H<\/b><\/i><\/span><\/span><\/p>\n<\/div>\n<ol>\n<li>hakshaks | strip_pajamas@yahoo.com [Para KORBAN: Ridho Idho http:\/\/www.facebook.com\/bedhoo]<\/li>\n<li>hanzf \u00a0 [Para KORBAN: (05\/09\/2014 Emanuel Steven | www.facebook.com\/steven.steven.7771586 | www.facebook.com\/profile.php?id=100007025201373)]<\/li>\n<li>haters11 [Para KORBAN: (Januari 2016 |\u00a0Yesinia Chan | 082141770077 | BB: 5A51E4B9 | LINE:yesiniachan | www.facebook.com\/yesinia.chan | www.facebook.com\/100000815417626)]<\/li>\n<li>heck66 [Para KORBAN: (Marcelia Laurienia www.facebook.com\/marcelia.laurienia)]<\/li>\n<li>helcrut137 [PARA KORBAN: (Juni 2020 | Imaan Firmansyah | www.facebook.com\/imnfrmnsyh | www.facebook.com\/100000647704139) (06\/07\/2020 | Mofaryza | www.facebook.com\/100040726025531) (Juni 2020 | Reree | www.facebook.com\/arlyaivnties | www.facebook.com\/100021801436139)]<\/li>\n<li>hezqii995 | P1: 341995 \/ 431995 | P2: 111111 [Para KORBAN: (Bunga Wijayanti www.facebook.com\/jbungaw) (Stella Calista www.facebook.com\/CzechDoraMii)]<\/li>\n<li><span style=\"font-size: medium;\">hunniieee\u00a0[Para KORBAN: (Elza Tiara\u00a0<\/span>www.facebook.com\/elzaara08)]<\/li>\n<li>huo931\u00a0[Para KORBAN: (Natalia Gloria\u00a0www.facebook.com\/natha.lafft.Eu) (Cia Pin\u00a0www.facebook.com\/cia.pin)]<\/li>\n<\/ol>\n<div>\n<p><span style=\"font-size: xx-large;\"><i><b>I<\/b><\/i><\/span><\/p>\n<\/div>\n<ol>\n<li>ignasia267 [Para KORBAN: Merry Anne Tc Mei www.facebook.com\/seohyunSnsdLovers]<\/li>\n<li>ikka98 [Para KORBAN: Tinz LoveNdri www.facebook.com\/tiinzkrenzz]<\/li>\n<li>ilham063 [Para KORBAN: Rezi Ramadhan Toekan www.facebook.com\/Reeezi7z]<\/li>\n<li>imamreus66 [14\/07\/2022 | Info Lanjud Hubungi: Vebri 0818132109 | ava didalam nya hasil nipu!!]<\/li>\n<li>imud46 \u00a0 \u00a0 [Para KORBAN: (18\/04\/2015 |\u00a0RizkyAnandya | www.facebook.com\/song.y.ae.7 | www\/facebook.com\/100003245024930) (Kisma Wati Asari (CimShop) | www.facebook.com\/kismawatiah.sari | www.facebook.com\/100007733138621) (Nurliana Bonaa (Crazymovezone) | www.facebook.com\/she.ana.12 | www.facebook.com\/100006007114154)]<\/li>\n<li>irfanvip [Para KORBAN: Legendz AndRe Rz www.facebook.com\/profile.php?id=100001014620446]<\/li>\n<li>isaquiky [Para KORBAN: Latansa Kirei www.facebook.com\/latansa]<\/li>\n<li>iyne01 | P1: 162012 [Para KORBAN: Novita V. Oei 085299643744 089685641167 www.facebook.com\/novita.v.oei]<\/li>\n<\/ol>\n<div>\n<p><b><i><span style=\"font-size: xx-large;\">J<\/span><\/i><\/b><\/p>\n<\/div>\n<ol>\n<li>jabrik10 [Para KORBAN: Agung Maulana http:\/\/www.facebook.com\/SuRReNDeR69DEWA]<\/li>\n<li>jace07 [Para KORBAN: CheLsii Necromancy www.facebook.com\/chelsii.begoo]<\/li>\n<li>jevonly | P2: 100690 [KORBAN:\u00a0<span style=\"font-family: 'Times New Roman', serif;\">J\u00f6\u0127\u00e3\u0144 V\u00ef\u0143\u017e \u0118v\u012b\u013e \/ BB: 2864B6C3 \/\u00a0<\/span><span style=\"font-family: 'Times New Roman', serif;\">http:\/\/www.facebook.com\/Michelle.imeldaa]<\/span><\/li>\n<li>jilausz [Para KORBAN: Legendz AndRe Rz w.facebook.com\/profile.php?id=100001014620446]<\/li>\n<li>jimmycaiicaii\u00a0[Para KORBAN: (Jimmy Caii Caii 085778213811, BB: 2196742C,\u00a0www.facebook.com\/Jimmycaiicaii)]<\/li>\n<li>jojoloh<\/li>\n<li>jojonnn24<\/li>\n<li>jncLoph [Para KORBAN: Chien Shopss www.facebook.com\/chienshops]<\/li>\n<li>jrmoisten | P1: 111095 | P2: 111111 | adityascp15@gmail.com \u00a0 \u00a0 [Para KORBAN: (01\/04\/2015 |\u00a0Arthaa Bagus Pratama (Reid) | www.facebook.com\/artha182 | www.facebook.com\/profile.php?id=100008776355804)]<\/li>\n<li>juniii<\/li>\n<\/ol>\n<div>\n<p><b><i><span style=\"font-size: xx-large;\">K<\/span><\/i><\/b><\/p>\n<\/div>\n<ol>\n<li>kepoiscare \u00a0 \u00a0 [Para KORBAN: (Nurliana Bonaa (Crazymovezone) | www.facebook.com\/she.ana.12 | www.facebook.com\/profile.php?id=100006007114154)]<\/li>\n<li>ketiakanda [Para KORBAN: Chibi Okta www.facebook.com\/Laft.Moo.Okta.ML]<\/li>\n<li>koplakhide [Para KORBAN: Audrie Part II\u00a0http:\/\/www.facebook.com\/audriia.partii]<\/li>\n<li>kreak411 [Para KORBAN: (03\/05\/2018 | 081336833292 | Cinthya Ruhanto Putri | www.facebook.com\/cyntiing |\u00a0www.facebook.com\/100002216433873) (20\/06\/2018 | 081211820287 | Yunita Anggraeni | www.facebook.com\/100025925181872)]<\/li>\n<li>kudacuq\u00a0 [Para KORBAN: (Patchy Chan | 083848111061) (Abu Bakar | 0818201065)]<\/li>\n<li>kurerei\u00a0[Para KORBAN: (Azizah Zahra 087873488634 www.facebook.com\/azizah.i.zahra)]<\/li>\n<li>kya777 \u00a0 \u00a0 [Para KORBAN: (19\/06\/2015 | Adinda Kania | 081286188733 | www.facebook.com\/adindakim14 | www.facebook.com\/100003998979473)]<\/li>\n<li>korps223 [PARA KORBAN: Dwiky Ashari https:\/\/www.facebook.com\/profile.php?fbid=100000736708797]<\/li>\n<\/ol>\n<div>\n<p><i><b><span style=\"font-size: xx-large;\">L<\/span><\/b><\/i><\/p>\n<\/div>\n<ol>\n<li>Lauren0999 [Para KORBAN: Denny Chun http:\/\/www.facebook.com\/denny.chun.7]<\/li>\n<li>Lexa93 | P1: 991993 | P2: 280288 | lexa.indah@yahoo.com [Para KORBAN:\u00a0(Yesinia Chan \/ BB: 23BA6FEF \/ 081929957922 \/ http:\/\/www.facebook.com\/yesinia.chan)\u00a0(Dian Nusa http:\/\/www.facebook.com\/dian.nusa)]<\/li>\n<li>Liaqw\u00a0[KORBAN:\u00a0Tiuz Gondank\u00a0|\u00a0087814558889 www.facebook.com\/matiuz.josriadi]<\/li>\n<li>Lisca100 \u00a0 \u00a0 [Para KORBAN: (26\/01\/2016 | Srivadhea Mulyani | 089657736039 | www.facebook.com\/lullaby.affiliated | www.facebook.com\/100002739962385)]<\/li>\n<li>Lord7 [PELAKU : Ojan LEADER PIC]<\/li>\n<li>Loveewhite | Pin1: 070796 | Pin2: 123465 [Para KORBAN: Adji Mayumi Vannia www.facebook.com\/vannivanniii]<\/li>\n<li>Lsalyvia\u00a0[Para KORBAN: Elsa Alyvia )<\/li>\n<li>Lunamaya8 [Para KORBAN:\u00a0Dev Shopss\u00a0|\u00a0085292839933 www.facebook.com\/profile.php?id=100003561533811]<\/li>\n<\/ol>\n<\/div>\n","protected":false},"excerpt":{"rendered":"<p>ID SETAN = ID YANG DIHACKBACK OLEH\u00a0 PEMILIK SEBELUMNYA G gcmisd \u00a0 \u00a0 [Para KORBAN: (Nurul Aini (Nunik) | 089695437734 | www.facebook.com\/nurulaini42 | www.facebook.com\/100002013007447)] g1n4n |\u00a0rahmatsyah813@gmail.com \u00a0 \u00a0\u00a0[Para KORBAN: (Helen Winardi | www.facebook.com\/pretty.girl.HSW | www.facebook.com\/100004229645143) (Reza Herdiansyah (Player) | www.facebook.com\/reza.sakhera &hellip; <a href=\"http:\/\/www.jasajualbeliayodance.com\/index.php\/daftar-id-bermasalah\/id-setan-g-h-i-j-k-l\/\">Continue reading <span class=\"meta-nav\">&rarr;<\/span><\/a><\/p>\n","protected":false},"author":1,"featured_media":0,"parent":35,"menu_order":0,"comment_status":"closed","ping_status":"closed","template":"","meta":{"footnotes":""},"class_list":["post-38","page","type-page","status-publish","hentry"],"_links":{"self":[{"href":"http:\/\/www.jasajualbeliayodance.com\/index.php\/wp-json\/wp\/v2\/pages\/38","targetHints":{"allow":["GET"]}}],"collection":[{"href":"http:\/\/www.jasajualbeliayodance.com\/index.php\/wp-json\/wp\/v2\/pages"}],"about":[{"href":"http:\/\/www.jasajualbeliayodance.com\/index.php\/wp-json\/wp\/v2\/types\/page"}],"author":[{"embeddable":true,"href":"http:\/\/www.jasajualbeliayodance.com\/index.php\/wp-json\/wp\/v2\/users\/1"}],"replies":[{"embeddable":true,"href":"http:\/\/www.jasajualbeliayodance.com\/index.php\/wp-json\/wp\/v2\/comments?post=38"}],"version-history":[{"count":10,"href":"http:\/\/www.jasajualbeliayodance.com\/index.php\/wp-json\/wp\/v2\/pages\/38\/revisions"}],"predecessor-version":[{"id":1421,"href":"http:\/\/www.jasajualbeliayodance.com\/index.php\/wp-json\/wp\/v2\/pages\/38\/revisions\/1421"}],"up":[{"embeddable":true,"href":"http:\/\/www.jasajualbeliayodance.com\/index.php\/wp-json\/wp\/v2\/pages\/35"}],"wp:attachment":[{"href":"http:\/\/www.jasajualbeliayodance.com\/index.php\/wp-json\/wp\/v2\/media?parent=38"}],"curies":[{"name":"wp","href":"https:\/\/api.w.org\/{rel}","templated":true}]}}