{"id":40,"date":"2015-09-04T14:14:46","date_gmt":"2015-09-04T14:14:46","guid":{"rendered":"http:\/\/www.jasajualbeliayodance.com\/?page_id=40"},"modified":"2020-10-20T03:15:00","modified_gmt":"2020-10-20T03:15:00","slug":"id-setan-m-n-o-p-q-r","status":"publish","type":"page","link":"http:\/\/www.jasajualbeliayodance.com\/index.php\/daftar-id-bermasalah\/id-setan-m-n-o-p-q-r\/","title":{"rendered":"ID SETAN, M-N-O-P-Q-R"},"content":{"rendered":"<p class=\"separator\" data-blogger-escaped-style=\"-webkit-text-stroke-width: 0px; clear: both; color: black; font-family: 'Times New Roman'; font-size: medium; font-style: normal; font-variant: normal; font-weight: normal; letter-spacing: normal; line-height: normal; margin: 0px; orphans: auto; text-align: center; text-indent: 0px; text-transform: none; white-space: normal; widows: 1; word-spacing: 0px;\"><a href=\"http:\/\/4.bp.blogspot.com\/-renHKf7p6jA\/Uz50kpa05yI\/AAAAAAAAAPY\/XiY9vOA3d8Y\/s1600\/ID+SETAN.jpg\"><img loading=\"lazy\" decoding=\"async\" src=\"https:\/\/4.bp.blogspot.com\/-renHKf7p6jA\/Uz50kpa05yI\/AAAAAAAAAPY\/XiY9vOA3d8Y\/s1600\/ID+SETAN.jpg\" alt=\"\" width=\"320\" height=\"182\" border=\"0\" \/><\/a><\/p>\n<div data-blogger-escaped-style=\"-webkit-text-stroke-width: 0px; color: black; font-family: 'Times New Roman'; font-size: medium; font-style: normal; font-variant: normal; font-weight: normal; letter-spacing: normal; line-height: normal; orphans: auto; text-align: center; text-indent: 0px; text-transform: none; white-space: normal; widows: 1; word-spacing: 0px;\">\n<div><\/div>\n<div>\n<div>\n<p><span style=\"font-size: xx-large;\"><b><i>ID SETAN = ID YANG DIHACKBACK OLEH\u00a0<\/i><\/b><\/span><\/p>\n<\/div>\n<\/div>\n<\/div>\n<div data-blogger-escaped-style=\"-webkit-text-stroke-width: 0px; color: black; font-family: 'Times New Roman'; font-size: medium; font-style: normal; font-variant: normal; font-weight: normal; letter-spacing: normal; line-height: normal; orphans: auto; text-align: left; text-indent: 0px; text-transform: none; white-space: normal; widows: 1; word-spacing: 0px;\">\n<div>\n<p><span style=\"font-size: xx-large;\"><b><i>PEMILIK SEBELUMNYA<\/i><\/b>\u00a0<\/span><\/p>\n<\/div>\n<div><\/div>\n<div>\n<p><i><b><span style=\"font-size: xx-large;\">M<\/span><\/b><\/i><\/p>\n<\/div>\n<\/div>\n<div data-blogger-escaped-style=\"-webkit-text-stroke-width: 0px; color: black; font-family: 'Times New Roman'; font-size: medium; font-style: normal; font-variant: normal; font-weight: normal; letter-spacing: normal; line-height: normal; orphans: auto; text-align: start; text-indent: 0px; text-transform: none; white-space: normal; widows: 1; word-spacing: 0px;\">\n<ol>\n<li><span class=\"commentBody\" data-blogger-escaped-data-jsid=\"text\">m3r1lyn [Para KORBAN:<span class=\"Apple-converted-space\">\u00a0<\/span><\/span>(Kuran Yuuki | www.facebook.com\/cyuuki1 | www.facebook.com\/profile.php?id=100000927588327)]<\/li>\n<li><span class=\"commentBody\" data-blogger-escaped-data-jsid=\"text\">marco [Para KORBAN: Vidi BajiGur&#8217;z www.facebook.com\/vidi.dmixmex]\u00a0<\/span><span class=\"commentBody\" data-blogger-escaped-data-jsid=\"text\">\u00a0<\/span><\/li>\n<li>masawnhh [Para KORBAN: ((26\/02\/2020 | 085772423959 | Siin Pump (EsskeetitTeam) | www.facebook.com\/KnssFmly | www.facebook.com\/100009788118958) (29\/02\/2020 | 085772423959 | Ginaa (\uc804\uc815\uad6d) | www.facebook.com\/gina.amalia.1428 | www.facebook.com\/100014503418698)]<\/li>\n<li><span style=\"font-size: medium;\">mastzap3\u00a0[Para KORBAN: (Ky Nobel II www.facebook.com\/imKyimproved)]\u00a0<\/span><\/li>\n<li><span style=\"font-size: medium;\">me4imutz\u00a0[Para KORBAN: (Meisy Mei www.facebook.com\/KM.MeI.NY)]\u00a0<\/span><\/li>\n<li><span class=\"commentBody\" data-blogger-escaped-data-jsid=\"text\">megstar4 [Para KORBAN: Aris Lecter http:\/\/www.facebook.com\/arislectter]<\/span><\/li>\n<li><span class=\"commentBody\" data-blogger-escaped-data-jsid=\"text\">meiilying\u00a0 [Para KORBAN: (Annisa Kusumawati (Asha EAnisha) www.facebook.com\/annishacindtha.clalue)]<\/span><\/li>\n<li>meinut | P12: 230697 | monqs22@Yahoo.co.id [Para KORBAN: Audriia Part II www.facebook.com\/audriia.partii]<\/li>\n<li><span data-blogger-escaped-data-ft=\"{&quot;tn&quot;:&quot;K&quot;}\" data-blogger-escaped-data-reactid=\".r[45upm].[1][4][1]{comment536525993068235_536528246401343}.[0].[right].[0].[left].[0].[0].[0][2]\">mellouw04 | Pin2: 220994 | Pin1: 222222 [Para KORBAN: (Aiko Marcella Grimonia www.facebook.com\/aiko.tjan)]<\/span><\/li>\n<li><span data-blogger-escaped-data-ft=\"{&quot;tn&quot;:&quot;K&quot;}\" data-blogger-escaped-data-reactid=\".r[45upm].[1][4][1]{comment536525993068235_536528246401343}.[0].[right].[0].[left].[0].[0].[0][2]\">mepina<\/span><\/li>\n<li>miasayang [Para KORBAN: Naa Iinside\u00a0http:\/\/www.facebook.com\/angelxcz3]<\/li>\n<li>miLa009 [PELAKU : Hendy MrMochii]<\/li>\n<li><span class=\"commentBody\" data-blogger-escaped-data-jsid=\"text\">mimimami [Para KORBAN: Widha Oktaryansyah Vaderam www.facebook.com\/wiwidhaw]<\/span><\/li>\n<li><span class=\"commentBody\" data-blogger-escaped-data-jsid=\"text\">minie91 [Para KORBAN: (Stephanie Zhang www.facebook.com\/zhangfanie)]<\/span><\/li>\n<li>mLbLuecooL \u00a0[Para KORBAN: Audrie Part II\u00a0http:\/\/www.facebook.com\/audriia.partii]<\/li>\n<li>mocha089 [Para KORBAN: (Dhea www.facebook.com\/dheastalizhananda)]<\/li>\n<li><span class=\"commentBody\" data-blogger-escaped-data-jsid=\"text\">mosawa22 [KORBAN: MOS, BB: 26825223]\u00a0\u00a0<\/span><\/li>\n<li>mksr1001 [Para KORBAN: (20\/12\/2016 | Ekson Matheus Widipratama (Theo Castle) | 081212542136 | www.facebook.com\/theodoang | www.facebook.com\/15350292460]<\/li>\n<li><span class=\"commentBody\" data-blogger-escaped-data-jsid=\"text\">mumet13 [Para KORBAN: Latansa Kirei www.facebook.com\/latansa]\u00a0<\/span><\/li>\n<li><span class=\"commentBody\" data-blogger-escaped-data-jsid=\"text\">MyFantasy [KORBAN: Widha Oktaryansyah Vaderam www.facebook.com\/wiwidhaw]\u00a0<\/span><\/li>\n<\/ol>\n<div>\n<p><span class=\"messageBody\">\u00a0<i><b><span style=\"font-size: xx-large;\">N<\/span><\/b><\/i><\/span><\/p>\n<\/div>\n<ol>\n<li><span class=\"messageBody\">nacoco [Para KORBAN: Juliana Park BB:295B4EB5]<\/span><\/li>\n<li><span class=\"messageBody\">nenekny0, P1: 743666, P2: 2 120495<\/span><span class=\"commentBody\" data-blogger-escaped-data-jsid=\"text\">\u00a0[Para KORBAN: Kevin Winata<\/span><span class=\"messageBody\">\u00a0http:\/\/www.facebook.com\/kevinmeli20042011]<\/span><\/li>\n<li>netral2012 [Para KORBAN: (23\/06\/2019 | 100036087934257) (14\/06\/2020 | 085721554818 | Reza Andrian | www.facebook.com\/ezaowsla | www.facebook.com\/100018777008876) (15\/06\/2019 |082320753817 | Alivia Sifa | www.facebook.com\/alsif21 | www.facebook.com\/100036087934257)]<\/li>\n<li>ngangalali<\/li>\n<li><span style=\"font-size: medium;\">nyik123\u00a0[Para KORBAN: (Chika TeChi Claudia\u00a0<\/span>www.facebook.com\/chika.techi.claudia)]<\/li>\n<\/ol>\n<div>\n<p><i><b><span style=\"font-size: xx-large;\">O<\/span><\/b><\/i><\/p>\n<\/div>\n<ol>\n<li>oncel21 | P1 : 123456 | P2 : 007007 [Para KORBAN: Mendy A Ramdhani www.facebook.com\/mendynara]<\/li>\n<li>oonz2 &#8211; Pin12: 250694<\/li>\n<li>osokmakan [Para KORBAN: LastLychee Afk www.facebook.com\/lastlychee.afk]<\/li>\n<li>owenLine<\/li>\n<li><span style=\"font-family: Times, 'Times New Roman', serif;\"><span style=\"font-size: medium;\">ovalajjh2\u00a0<\/span>[Para KORBAN: (<span class=\"fwb\"><a id=\"js_6\" href=\"https:\/\/www.facebook.com\/BakPaoGw.MUNGIL\" data-blogger-escaped-aria-haspopup=\"true\" data-blogger-escaped-aria-owns=\"js_5\" data-blogger-escaped-data-hovercard=\"\/ajax\/hovercard\/user.php?id=100002964341377\">P\u00e4\u00f6P\u00e4\u00f6 K\u00efM\u00e4s II<\/a><\/span>\u00a0www.facebook.com\/BakPaoGw.MUNGIL)]<\/span><\/li>\n<\/ol>\n<div>\n<p><span style=\"font-family: Times, 'Times New Roman', serif;\"><i><b><span style=\"font-size: xx-large;\">P<\/span><\/b><\/i><\/span><\/p>\n<\/div>\n<ol>\n<li>padagu1 [Para KORBAN: (Ilham Adha Riady Part II (riadyeclair)| www.facebook.com\/ieLhaM.QBz | www.facebook.com\/100001232567111) (Debby Kurniawan (Kiva Azura Fury) | www.facebook.com\/debby.kurniawan.714 | www.facebook.com\/100004725510177) (Muhammad Akbar | www.facebook.com\/AkbarSupplyCO | www.facebook.com\/100008742672476) (Muhammad Alby (hai para stalker) | www.facebook.com\/muhammad.alby.92 | www.facebook.com\/ 100006660545701)<\/li>\n<li><span class=\"Apple-style-span\" style=\"font-family: Times, 'Times New Roman', serif;\"><span class=\"Apple-style-span\">panda01 \u00a0 \u00a0 [Para KORBAN: (11\/05\/2015 |\u00a0Raa Raa (\ub77c \ub77c \uae40) | www.facebook.com\/vclass.raa | www.facebook.com\/100004106597398)]<\/span><\/span><\/li>\n<li><span style=\"font-size: medium;\">passione\u00a0[Para KORBAN: (Rico Cornelius, BB: 2921C291)]<\/span><\/li>\n<li>pakdwija | P12: 123456 | fauziias@yahoo.co.id [Para KORBAN: Agam Dharma Syaputra 08988807202\u00a0http:\/\/www.facebook.com\/AgamCumaGembel]<\/li>\n<li>pasimaru\u00a0\u00a0[Para KORBAN: (Vlorencia Elvira Lim\u00a0www.facebook.com\/guayaguasiapalo) (D\u00e4ndi \u0160udr\u00e4j\u00e4t H\u00e4sibu\u00e4n www.facebook.com\/dandisudrajat) (Mitha Prillia Zahra (SevenzoneSevencrew) www.facebook.com\/mitha.pz)]<\/li>\n<li><span style=\"font-size: medium;\">passione\u00a0[Para KORBAN: (Rico Cornelius, BB: 2921C291)]<\/span><\/li>\n<li><span style=\"font-size: medium;\">ploi112 \u00a0 \u00a0 [Para KORBAN: (01\/02\/2015 | Melissa Fransisca | www.facebook.com\/melissa.fransisca.7 | www.facebook.com\/profile.php?id=100003023527575)]<\/span><\/li>\n<li>polcadots &#8211; Pin1: 140459 &#8211; Pin2: 080996 [KORBAN: Adila Safitri www.facebook.com\/Laler.gtlow]<\/li>\n<\/ol>\n<\/div>\n<p>R<\/p>\n<div data-blogger-escaped-style=\"-webkit-text-stroke-width: 0px; color: black; font-family: 'Times New Roman'; font-size: medium; font-style: normal; font-variant: normal; font-weight: normal; letter-spacing: normal; line-height: normal; orphans: auto; text-align: start; text-indent: 0px; text-transform: none; white-space: normal; widows: 1; word-spacing: 0px;\">\n<ol>\n<li><span style=\"font-size: medium;\">ramacdn [Para KORBAN: Angelica Desi Novasari | www.facebook.com\/angelicadesi13]<\/span><\/li>\n<li>rajagagu\u00a0[Para KORBAN: (Ine Axlinabila Annisa Annasai\u00a0www.facebook.com\/princessoflove28)]<\/li>\n<li>rapunzel22 [Para KORBAN: Shaa Frisca Florencia http:\/\/www.facebook.com\/Shaa.Verchiel]<\/li>\n<li>raup0123 | P12: 123456\u00a0[Para KORBAN: Indriani Rahayu http:\/\/www.facebook.com\/indriani.d.rahayu<\/li>\n<li>ratnagra [Para KORBAN: Putri Choco www.facebook.com\/AuliaTarindahPutri]<\/li>\n<li>renoxs | P1: 314484 | P2: 070594 | EmL: lenggogeniardian@ymail.com [Para KORBAN: Ragil 087851747459]<\/li>\n<li>remon112 [Para KORBAN: Rezi Ramadhan Toekan www.facebook.com\/Reeezi7z]<\/li>\n<li>rielcha | P12: 230310 | shenxiao137 [Para KORBAN: Chien Steve\u00a0http:\/\/www.facebook.com\/Steve.Zhu.SevenZone]<\/li>\n<li>ringroad15 \u00a0[Para KORBAN: (Hana Oktaviani (Hana VG) www.facebook.com\/hanaoktaviani)]<\/li>\n<\/ol>\n<\/div>\n","protected":false},"excerpt":{"rendered":"<p>ID SETAN = ID YANG DIHACKBACK OLEH\u00a0 PEMILIK SEBELUMNYA\u00a0 M m3r1lyn [Para KORBAN:\u00a0(Kuran Yuuki | www.facebook.com\/cyuuki1 | www.facebook.com\/profile.php?id=100000927588327)] marco [Para KORBAN: Vidi BajiGur&#8217;z www.facebook.com\/vidi.dmixmex]\u00a0\u00a0 masawnhh [Para KORBAN: ((26\/02\/2020 | 085772423959 | Siin Pump (EsskeetitTeam) | www.facebook.com\/KnssFmly | www.facebook.com\/100009788118958) (29\/02\/2020 | &hellip; <a href=\"http:\/\/www.jasajualbeliayodance.com\/index.php\/daftar-id-bermasalah\/id-setan-m-n-o-p-q-r\/\">Continue reading <span class=\"meta-nav\">&rarr;<\/span><\/a><\/p>\n","protected":false},"author":1,"featured_media":0,"parent":35,"menu_order":0,"comment_status":"closed","ping_status":"closed","template":"","meta":{"footnotes":""},"class_list":["post-40","page","type-page","status-publish","hentry"],"_links":{"self":[{"href":"http:\/\/www.jasajualbeliayodance.com\/index.php\/wp-json\/wp\/v2\/pages\/40","targetHints":{"allow":["GET"]}}],"collection":[{"href":"http:\/\/www.jasajualbeliayodance.com\/index.php\/wp-json\/wp\/v2\/pages"}],"about":[{"href":"http:\/\/www.jasajualbeliayodance.com\/index.php\/wp-json\/wp\/v2\/types\/page"}],"author":[{"embeddable":true,"href":"http:\/\/www.jasajualbeliayodance.com\/index.php\/wp-json\/wp\/v2\/users\/1"}],"replies":[{"embeddable":true,"href":"http:\/\/www.jasajualbeliayodance.com\/index.php\/wp-json\/wp\/v2\/comments?post=40"}],"version-history":[{"count":9,"href":"http:\/\/www.jasajualbeliayodance.com\/index.php\/wp-json\/wp\/v2\/pages\/40\/revisions"}],"predecessor-version":[{"id":1328,"href":"http:\/\/www.jasajualbeliayodance.com\/index.php\/wp-json\/wp\/v2\/pages\/40\/revisions\/1328"}],"up":[{"embeddable":true,"href":"http:\/\/www.jasajualbeliayodance.com\/index.php\/wp-json\/wp\/v2\/pages\/35"}],"wp:attachment":[{"href":"http:\/\/www.jasajualbeliayodance.com\/index.php\/wp-json\/wp\/v2\/media?parent=40"}],"curies":[{"name":"wp","href":"https:\/\/api.w.org\/{rel}","templated":true}]}}